{"id":4316,"date":"2024-01-12T10:47:21","date_gmt":"2024-01-12T09:47:21","guid":{"rendered":"https:\/\/dalcamp.gsatek.es\/?page_id=4316"},"modified":"2024-01-12T12:41:16","modified_gmt":"2024-01-12T11:41:16","slug":"aviso-legal","status":"publish","type":"page","link":"https:\/\/castillodemonesma.com\/en\/aviso-legal\/","title":{"rendered":"Aviso legal"},"content":{"rendered":"<p>_________________________________, provisto con NIF\/CIF ___________________, direcci\u00f3n&nbsp;________________________________________, no puede asumir ninguna responsabilidad derivada del uso&nbsp;incorrecto, inapropiado o il\u00edcito de la informaci\u00f3n aparecida en la p\u00e1gina de Internet de ________________________&nbsp;Con los l\u00edmites establecidos en la ley, ____________________________________ no asume ninguna responsabilidad&nbsp;derivada de la falta de veracidad, integridad, actualizaci\u00f3n y precisi\u00f3n de los datos o informaciones que se contienen ensus p\u00e1ginas de Internet.<\/p>\n\n\n\n<p>Los contenidos e informaci\u00f3n no vinculan a _____________________________ ni constituyen opiniones, consejos o&nbsp;asesoramiento legal de ning\u00fan tipo pues se trata meramente de un servicio ofrecido con car\u00e1cter informativo y&nbsp;divulgativo.<\/p>\n\n\n\n<p>La p\u00e1gina de Internet de ______________________________ puede contener enlaces (links) a otras p\u00e1ginas de terceras&nbsp;partes que __________________________________ no puede controlar. Por lo tanto,&nbsp;_____________________________ no puede asumir responsabilidades por el contenido que pueda aparecer en<\/p>\n\n\n\n<p>p\u00e1ginas de terceros.<\/p>\n\n\n\n<p>Los textos, im\u00e1genes, sonidos, animaciones, software y el resto de contenidos incluidos en este website son propiedad&nbsp;exclusiva de ________________________________ o sus licenciantes. Cualquier acto de transmisi\u00f3n, distribuci\u00f3n,&nbsp;cesi\u00f3n, reproducci\u00f3n, almacenamiento o comunicaci\u00f3n p\u00fablica total o parcial, debe contar con el consentimiento&nbsp;expreso de _______________________________<\/p>\n\n\n\n<p>Asimismo, para acceder a algunos de los servicios que ______________________________ ofrece a trav\u00e9s del website&nbsp;deber\u00e1 proporcionar algunos datos de car\u00e1cter personal. En cumplimiento de lo establecido en el Reglamento (UE)&nbsp;2016\/679 del Parlamento Europeo y del Consejo, de 27 de abril de 2016, relativo a la protecci\u00f3n de las personas f\u00edsicas&nbsp;en lo que respecta al tratamiento de datos personales y a la libre circulaci\u00f3n de estos datos le informamos que,&nbsp;mediante la cumplimentaci\u00f3n de los presentes formularios, sus datos personales quedar\u00e1n incorporados y ser\u00e1n&nbsp;tratados en los ficheros de ___________________________ con el fin de poderle prestar y ofrecer nuestros servicios as\u00ed&nbsp;como para informarle de las mejoras del sitio Web. Asimismo, le informamos de la posibilidad de que ejerza los&nbsp;derechos de acceso, rectificaci\u00f3n, cancelaci\u00f3n y oposici\u00f3n de sus datos de car\u00e1cter personal, manera gratuita mediante&nbsp;email a ________________________________ o en la direcci\u00f3n __________________________________________<\/p>","protected":false},"excerpt":{"rendered":"<p>_________________________________, provisto con NIF\/CIF ___________________, direcci\u00f3n&nbsp;________________________________________, no puede asumir ninguna responsabilidad derivada del uso&nbsp;incorrecto, inapropiado o il\u00edcito de la informaci\u00f3n aparecida en la p\u00e1gina de Internet de ________________________&nbsp;Con los l\u00edmites establecidos en la ley, ____________________________________ no asume ninguna responsabilidad&nbsp;derivada de la falta de veracidad, integridad, actualizaci\u00f3n y precisi\u00f3n de los datos o informaciones que se [&hellip;]<\/p>\n","protected":false},"author":1,"featured_media":0,"parent":0,"menu_order":0,"comment_status":"closed","ping_status":"closed","template":"","meta":{"site-sidebar-layout":"default","site-content-layout":"","ast-site-content-layout":"default","site-content-style":"default","site-sidebar-style":"default","ast-global-header-display":"","ast-banner-title-visibility":"","ast-main-header-display":"","ast-hfb-above-header-display":"","ast-hfb-below-header-display":"","ast-hfb-mobile-header-display":"","site-post-title":"","ast-breadcrumbs-content":"","ast-featured-img":"","footer-sml-layout":"","theme-transparent-header-meta":"","adv-header-id-meta":"","stick-header-meta":"","header-above-stick-meta":"","header-main-stick-meta":"","header-below-stick-meta":"","astra-migrate-meta-layouts":"set","ast-page-background-enabled":"default","ast-page-background-meta":{"desktop":{"background-color":"","background-image":"","background-repeat":"repeat","background-position":"center center","background-size":"auto","background-attachment":"scroll","background-type":"","background-media":"","overlay-type":"","overlay-color":"","overlay-gradient":""},"tablet":{"background-color":"","background-image":"","background-repeat":"repeat","background-position":"center center","background-size":"auto","background-attachment":"scroll","background-type":"","background-media":"","overlay-type":"","overlay-color":"","overlay-gradient":""},"mobile":{"background-color":"","background-image":"","background-repeat":"repeat","background-position":"center center","background-size":"auto","background-attachment":"scroll","background-type":"","background-media":"","overlay-type":"","overlay-color":"","overlay-gradient":""}},"ast-content-background-meta":{"desktop":{"background-color":"var(--ast-global-color-5)","background-image":"","background-repeat":"repeat","background-position":"center center","background-size":"auto","background-attachment":"scroll","background-type":"","background-media":"","overlay-type":"","overlay-color":"","overlay-gradient":""},"tablet":{"background-color":"var(--ast-global-color-5)","background-image":"","background-repeat":"repeat","background-position":"center center","background-size":"auto","background-attachment":"scroll","background-type":"","background-media":"","overlay-type":"","overlay-color":"","overlay-gradient":""},"mobile":{"background-color":"var(--ast-global-color-5)","background-image":"","background-repeat":"repeat","background-position":"center center","background-size":"auto","background-attachment":"scroll","background-type":"","background-media":"","overlay-type":"","overlay-color":"","overlay-gradient":""}},"footnotes":""},"class_list":["post-4316","page","type-page","status-publish","hentry"],"yoast_head":"<!-- This site is optimized with the Yoast SEO plugin v26.8 - https:\/\/yoast.com\/product\/yoast-seo-wordpress\/ -->\n<title>Aviso legal - Dalcamp<\/title>\n<meta name=\"robots\" content=\"index, follow, max-snippet:-1, max-image-preview:large, max-video-preview:-1\" \/>\n<link rel=\"canonical\" href=\"https:\/\/castillodemonesma.com\/en\/aviso-legal\/\" \/>\n<meta property=\"og:locale\" content=\"en_GB\" \/>\n<meta property=\"og:type\" content=\"article\" \/>\n<meta property=\"og:title\" content=\"Aviso legal - Dalcamp\" \/>\n<meta property=\"og:description\" content=\"_________________________________, provisto con NIF\/CIF ___________________, direcci\u00f3n&nbsp;________________________________________, no puede asumir ninguna responsabilidad derivada del uso&nbsp;incorrecto, inapropiado o il\u00edcito de la informaci\u00f3n aparecida en la p\u00e1gina de Internet de ________________________&nbsp;Con los l\u00edmites establecidos en la ley, ____________________________________ no asume ninguna responsabilidad&nbsp;derivada de la falta de veracidad, integridad, actualizaci\u00f3n y precisi\u00f3n de los datos o informaciones que se [&hellip;]\" \/>\n<meta property=\"og:url\" content=\"https:\/\/castillodemonesma.com\/en\/aviso-legal\/\" \/>\n<meta property=\"og:site_name\" content=\"Dalcamp\" \/>\n<meta property=\"article:modified_time\" content=\"2024-01-12T11:41:16+00:00\" \/>\n<meta name=\"twitter:card\" content=\"summary_large_image\" \/>\n<meta name=\"twitter:label1\" content=\"Estimated reading time\" \/>\n\t<meta name=\"twitter:data1\" content=\"2 minutes\" \/>\n<script type=\"application\/ld+json\" class=\"yoast-schema-graph\">{\"@context\":\"https:\/\/schema.org\",\"@graph\":[{\"@type\":\"WebPage\",\"@id\":\"https:\/\/castillodemonesma.com\/aviso-legal\/\",\"url\":\"https:\/\/castillodemonesma.com\/aviso-legal\/\",\"name\":\"Aviso legal - Dalcamp\",\"isPartOf\":{\"@id\":\"https:\/\/castillodemonesma.com\/#website\"},\"datePublished\":\"2024-01-12T09:47:21+00:00\",\"dateModified\":\"2024-01-12T11:41:16+00:00\",\"breadcrumb\":{\"@id\":\"https:\/\/castillodemonesma.com\/aviso-legal\/#breadcrumb\"},\"inLanguage\":\"en-GB\",\"potentialAction\":[{\"@type\":\"ReadAction\",\"target\":[\"https:\/\/castillodemonesma.com\/aviso-legal\/\"]}]},{\"@type\":\"BreadcrumbList\",\"@id\":\"https:\/\/castillodemonesma.com\/aviso-legal\/#breadcrumb\",\"itemListElement\":[{\"@type\":\"ListItem\",\"position\":1,\"name\":\"Portada\",\"item\":\"https:\/\/castillodemonesma.com\/\"},{\"@type\":\"ListItem\",\"position\":2,\"name\":\"Aviso legal\"}]},{\"@type\":\"WebSite\",\"@id\":\"https:\/\/castillodemonesma.com\/#website\",\"url\":\"https:\/\/castillodemonesma.com\/\",\"name\":\"Dalcamp\",\"description\":\"Vino, Cava, Fruta de Hueso y Pepita Ecol\u00f3gica\",\"publisher\":{\"@id\":\"https:\/\/castillodemonesma.com\/#organization\"},\"potentialAction\":[{\"@type\":\"SearchAction\",\"target\":{\"@type\":\"EntryPoint\",\"urlTemplate\":\"https:\/\/castillodemonesma.com\/?s={search_term_string}\"},\"query-input\":{\"@type\":\"PropertyValueSpecification\",\"valueRequired\":true,\"valueName\":\"search_term_string\"}}],\"inLanguage\":\"en-GB\"},{\"@type\":\"Organization\",\"@id\":\"https:\/\/castillodemonesma.com\/#organization\",\"name\":\"Dalcamp\",\"url\":\"https:\/\/castillodemonesma.com\/\",\"logo\":{\"@type\":\"ImageObject\",\"inLanguage\":\"en-GB\",\"@id\":\"https:\/\/castillodemonesma.com\/#\/schema\/logo\/image\/\",\"url\":\"https:\/\/castillodemonesma.com\/wp-content\/uploads\/2024\/03\/Outlook-43s2svi4.png\",\"contentUrl\":\"https:\/\/castillodemonesma.com\/wp-content\/uploads\/2024\/03\/Outlook-43s2svi4.png\",\"width\":212,\"height\":166,\"caption\":\"Dalcamp\"},\"image\":{\"@id\":\"https:\/\/castillodemonesma.com\/#\/schema\/logo\/image\/\"}}]}<\/script>\n<!-- \/ Yoast SEO plugin. -->","yoast_head_json":{"title":"Aviso legal - Dalcamp","robots":{"index":"index","follow":"follow","max-snippet":"max-snippet:-1","max-image-preview":"max-image-preview:large","max-video-preview":"max-video-preview:-1"},"canonical":"https:\/\/castillodemonesma.com\/en\/aviso-legal\/","og_locale":"en_GB","og_type":"article","og_title":"Aviso legal - Dalcamp","og_description":"_________________________________, provisto con NIF\/CIF ___________________, direcci\u00f3n&nbsp;________________________________________, no puede asumir ninguna responsabilidad derivada del uso&nbsp;incorrecto, inapropiado o il\u00edcito de la informaci\u00f3n aparecida en la p\u00e1gina de Internet de ________________________&nbsp;Con los l\u00edmites establecidos en la ley, ____________________________________ no asume ninguna responsabilidad&nbsp;derivada de la falta de veracidad, integridad, actualizaci\u00f3n y precisi\u00f3n de los datos o informaciones que se [&hellip;]","og_url":"https:\/\/castillodemonesma.com\/en\/aviso-legal\/","og_site_name":"Dalcamp","article_modified_time":"2024-01-12T11:41:16+00:00","twitter_card":"summary_large_image","twitter_misc":{"Estimated reading time":"2 minutes"},"schema":{"@context":"https:\/\/schema.org","@graph":[{"@type":"WebPage","@id":"https:\/\/castillodemonesma.com\/aviso-legal\/","url":"https:\/\/castillodemonesma.com\/aviso-legal\/","name":"Aviso legal - Dalcamp","isPartOf":{"@id":"https:\/\/castillodemonesma.com\/#website"},"datePublished":"2024-01-12T09:47:21+00:00","dateModified":"2024-01-12T11:41:16+00:00","breadcrumb":{"@id":"https:\/\/castillodemonesma.com\/aviso-legal\/#breadcrumb"},"inLanguage":"en-GB","potentialAction":[{"@type":"ReadAction","target":["https:\/\/castillodemonesma.com\/aviso-legal\/"]}]},{"@type":"BreadcrumbList","@id":"https:\/\/castillodemonesma.com\/aviso-legal\/#breadcrumb","itemListElement":[{"@type":"ListItem","position":1,"name":"Portada","item":"https:\/\/castillodemonesma.com\/"},{"@type":"ListItem","position":2,"name":"Aviso legal"}]},{"@type":"WebSite","@id":"https:\/\/castillodemonesma.com\/#website","url":"https:\/\/castillodemonesma.com\/","name":"Dalcamp","description":"Vino, Cava, Fruta de Hueso y Pepita Ecol\u00f3gica","publisher":{"@id":"https:\/\/castillodemonesma.com\/#organization"},"potentialAction":[{"@type":"SearchAction","target":{"@type":"EntryPoint","urlTemplate":"https:\/\/castillodemonesma.com\/?s={search_term_string}"},"query-input":{"@type":"PropertyValueSpecification","valueRequired":true,"valueName":"search_term_string"}}],"inLanguage":"en-GB"},{"@type":"Organization","@id":"https:\/\/castillodemonesma.com\/#organization","name":"Dalcamp","url":"https:\/\/castillodemonesma.com\/","logo":{"@type":"ImageObject","inLanguage":"en-GB","@id":"https:\/\/castillodemonesma.com\/#\/schema\/logo\/image\/","url":"https:\/\/castillodemonesma.com\/wp-content\/uploads\/2024\/03\/Outlook-43s2svi4.png","contentUrl":"https:\/\/castillodemonesma.com\/wp-content\/uploads\/2024\/03\/Outlook-43s2svi4.png","width":212,"height":166,"caption":"Dalcamp"},"image":{"@id":"https:\/\/castillodemonesma.com\/#\/schema\/logo\/image\/"}}]}},"_links":{"self":[{"href":"https:\/\/castillodemonesma.com\/en\/wp-json\/wp\/v2\/pages\/4316","targetHints":{"allow":["GET"]}}],"collection":[{"href":"https:\/\/castillodemonesma.com\/en\/wp-json\/wp\/v2\/pages"}],"about":[{"href":"https:\/\/castillodemonesma.com\/en\/wp-json\/wp\/v2\/types\/page"}],"author":[{"embeddable":true,"href":"https:\/\/castillodemonesma.com\/en\/wp-json\/wp\/v2\/users\/1"}],"replies":[{"embeddable":true,"href":"https:\/\/castillodemonesma.com\/en\/wp-json\/wp\/v2\/comments?post=4316"}],"version-history":[{"count":2,"href":"https:\/\/castillodemonesma.com\/en\/wp-json\/wp\/v2\/pages\/4316\/revisions"}],"predecessor-version":[{"id":4331,"href":"https:\/\/castillodemonesma.com\/en\/wp-json\/wp\/v2\/pages\/4316\/revisions\/4331"}],"wp:attachment":[{"href":"https:\/\/castillodemonesma.com\/en\/wp-json\/wp\/v2\/media?parent=4316"}],"curies":[{"name":"wp","href":"https:\/\/api.w.org\/{rel}","templated":true}]}}